{"id":6501,"date":"2025-12-23T12:48:29","date_gmt":"2025-12-23T12:48:29","guid":{"rendered":"https:\/\/www.shiftyouragency.com\/?page_id=6501"},"modified":"2026-04-14T13:22:34","modified_gmt":"2026-04-14T13:22:34","slug":"politica-de-cookies","status":"publish","type":"page","link":"https:\/\/www.shiftyouragency.com\/en\/politica-de-cookies\/","title":{"rendered":"Pol\u00edtica de Cookies"},"content":{"rendered":"<div data-elementor-type=\"wp-page\" data-elementor-id=\"6501\" class=\"elementor elementor-6501\" data-elementor-post-type=\"page\">\n\t\t\t\t<div class=\"elementor-element elementor-element-dc1698f e-flex e-con-boxed e-con e-parent\" data-id=\"dc1698f\" data-element_type=\"container\" data-e-type=\"container\">\n\t\t\t\t\t<div class=\"e-con-inner\">\n\t\t<div class=\"elementor-element elementor-element-b45949c e-con-full e-flex elementor-invisible e-con e-child\" data-id=\"b45949c\" data-element_type=\"container\" data-e-type=\"container\" data-settings=\"{&quot;animation&quot;:&quot;fadeIn&quot;,&quot;animation_delay&quot;:0,&quot;animation_widescreen&quot;:&quot;fadeInUp&quot;}\">\n\t\t\t\t<div class=\"elementor-element elementor-element-de57eb6 elementor-widget__width-auto elementor-widget-laptop__width-auto elementor-widget elementor-widget-heading\" data-id=\"de57eb6\" data-element_type=\"widget\" data-e-type=\"widget\" data-settings=\"{&quot;_animation&quot;:&quot;none&quot;}\" data-widget_type=\"heading.default\">\n\t\t\t\t\t<h1 class=\"elementor-heading-title elementor-size-default translation-block\">COOKIE POLICY<\/h1>\t\t\t\t<\/div>\n\t\t\t\t<\/div>\n\t\t<div class=\"elementor-element elementor-element-f4b1763 e-con-full e-flex e-con e-child\" data-id=\"f4b1763\" data-element_type=\"container\" data-e-type=\"container\">\n\t\t\t\t<div class=\"elementor-element elementor-element-c2a55b0 elementor-widget__width-initial elementor-widget elementor-widget-text-editor\" data-id=\"c2a55b0\" data-element_type=\"widget\" data-e-type=\"widget\" data-widget_type=\"text-editor.default\">\n\t\t\t\t\t\t\t\t\t<p>We use cookies to ensure the proper functioning of this website and to analyse how it is used, allowing us to continuously improve the user experience.<\/p><p>You can accept, reject, or manage your cookie preferences at any time.<\/p><p><!-- notionvc: affaef54-2263-44ce-a5be-26387457ba7f --><\/p>\t\t\t\t\t\t\t\t<\/div>\n\t\t\t\t<div class=\"elementor-element elementor-element-27a9f14 elementor-widget__width-initial elementor-widget elementor-widget-text-editor\" data-id=\"27a9f14\" data-element_type=\"widget\" data-e-type=\"widget\" data-widget_type=\"text-editor.default\">\n\t\t\t\t\t\t\t\t\t<h6><strong>What are cookies<\/strong><\/h6><p data-start=\"2948\" data-end=\"3153\">Cookies are small text files stored on your device when you visit a website. They help improve your browsing experience and allow us to understand how the website is used.<\/p><h6 data-section-id=\"1nzjnm4\" data-start=\"3160\" data-end=\"3190\"><strong>\u00a0<\/strong><\/h6><h6 data-section-id=\"1nzjnm4\" data-start=\"3160\" data-end=\"3190\"><strong>Types of cookies we use<\/strong><\/h6><p><strong>Functional cookies (necessary)<\/strong> - These cookies are essential for the website to function properly. They enable core features such as navigation, security, and access to protected areas. These cookies are always active.<\/p><p><strong>Analytics cookies (Google Analytics)<\/strong> - These cookies allow us to understand how users interact with the website.<\/p><ul><li style=\"list-style-type: none;\"><ul data-start=\"3512\" data-end=\"3645\"><li data-section-id=\"x7v9yo\" data-start=\"3512\" data-end=\"3553\">Data is collected in an anonymised form<\/li><li data-section-id=\"vl3h03\" data-start=\"3554\" data-end=\"3606\">Used exclusively for statistical purposes<\/li><li data-section-id=\"1ulsre3\" data-start=\"3607\" data-end=\"3645\">Only activated after user consent<\/li><\/ul><\/li><\/ul><p data-section-id=\"47lbxq\" data-start=\"3652\" data-end=\"3694\"><strong>Marketing cookies (if applicable)<\/strong> - These cookies may be used to personalise content or advertising. We currently do not use active marketing cookies, but this category may be used in the future.<\/p><p data-section-id=\"47lbxq\" data-start=\"3652\" data-end=\"3694\">\u00a0<\/p><h6 data-section-id=\"47lbxq\" data-start=\"3652\" data-end=\"3694\"><strong>Managing cookies<\/strong><\/h6><p data-start=\"3906\" data-end=\"3998\">You can manage or change your cookie preferences at any time via:<\/p><p data-start=\"4000\" data-end=\"4045\"><strong data-start=\"4003\" data-end=\"4022\">The Manage cookies<\/strong>button available on the website. You can also configure your browser to block or delete cookies.<\/p><h6 data-section-id=\"1cl0kj3\" data-start=\"4138\" data-end=\"4162\">\u00a0<\/h6><h6 data-section-id=\"1cl0kj3\" data-start=\"4138\" data-end=\"4162\"><strong>Changes to this policy<\/strong><\/h6><p data-start=\"4164\" data-end=\"4222\">We may update this policy when necessary. We recommend reviewing it periodically.<\/p><p data-start=\"4164\" data-end=\"4222\">\u00a0<\/p><h6 data-section-id=\"1j1nww7\" data-start=\"4269\" data-end=\"4288\"><strong>More information<\/strong><\/h6><p data-start=\"4290\" data-end=\"4392\">For more details on how we handle personal data, please refer to our <a href=\"https:\/\/www.shiftyouragency.com\/en\/politica-de-privacidade\/\"><span style=\"text-decoration: underline;\">Privacy Policy.<\/span><\/a>.<\/p><p data-start=\"4000\" data-end=\"4045\">\u00a0<\/p><p><!-- notionvc: affaef54-2263-44ce-a5be-26387457ba7f --><\/p>\t\t\t\t\t\t\t\t<\/div>\n\t\t\t\t<\/div>\n\t\t\t\t\t<\/div>\n\t\t\t\t<\/div>\n\t\t\t\t<\/div>","protected":false},"excerpt":{"rendered":"<p>Pol\u00edtica de Cookies Utilizamos cookies para assegurar o correto funcionamento do website e para analisar a sua utiliza\u00e7\u00e3o, com o objetivo de melhorar continuamente a experi\u00eancia dos utilizadores. O utilizador pode aceitar, rejeitar ou configurar as suas prefer\u00eancias de cookies a qualquer momento. O que s\u00e3o cookies Cookies s\u00e3o pequenos ficheiros de texto armazenados no [&hellip;]<\/p>\n","protected":false},"author":1,"featured_media":0,"parent":0,"menu_order":0,"comment_status":"closed","ping_status":"closed","template":"elementor_header_footer","meta":{"_acf_changed":false,"footnotes":""},"class_list":["post-6501","page","type-page","status-publish","hentry"],"acf":[],"_links":{"self":[{"href":"https:\/\/www.shiftyouragency.com\/en\/wp-json\/wp\/v2\/pages\/6501","targetHints":{"allow":["GET"]}}],"collection":[{"href":"https:\/\/www.shiftyouragency.com\/en\/wp-json\/wp\/v2\/pages"}],"about":[{"href":"https:\/\/www.shiftyouragency.com\/en\/wp-json\/wp\/v2\/types\/page"}],"author":[{"embeddable":true,"href":"https:\/\/www.shiftyouragency.com\/en\/wp-json\/wp\/v2\/users\/1"}],"replies":[{"embeddable":true,"href":"https:\/\/www.shiftyouragency.com\/en\/wp-json\/wp\/v2\/comments?post=6501"}],"version-history":[{"count":10,"href":"https:\/\/www.shiftyouragency.com\/en\/wp-json\/wp\/v2\/pages\/6501\/revisions"}],"predecessor-version":[{"id":9418,"href":"https:\/\/www.shiftyouragency.com\/en\/wp-json\/wp\/v2\/pages\/6501\/revisions\/9418"}],"wp:attachment":[{"href":"https:\/\/www.shiftyouragency.com\/en\/wp-json\/wp\/v2\/media?parent=6501"}],"curies":[{"name":"wp","href":"https:\/\/api.w.org\/{rel}","templated":true}]}}